{"id":107185,"date":"2023-05-20T17:50:13","date_gmt":"2023-05-20T15:50:13","guid":{"rendered":"https:\/\/test.idra.it\/?page_id=107185"},"modified":"2023-08-14T12:58:52","modified_gmt":"2023-08-14T10:58:52","slug":"home-branca","status":"publish","type":"page","link":"https:\/\/test.idra.it\/sk\/","title":{"rendered":"home branca"},"content":{"rendered":"<div id=\"wp-block-themeisle-blocks-slider-c1e9f0aa\" class=\"wp-block-themeisle-blocks-slider glide\" data-per-view=\"1\" data-gap=\"0\" data-peek=\"0\" data-autoplay=\"5000\" data-height=\"100vh\" data-hide-arrows=\"false\"><div class=\"glide__track\" data-glide-el=\"track\"><div class=\"glide__slides\"><div class=\"wp-block-themeisle-blocks-slider-item-wrapper glide__slide\" tabindex=\"0\"><figure><img decoding=\"async\" class=\"wp-block-themeisle-blocks-slider-item\" src=\"https:\/\/test.idra.it\/tst\/wp-content\/uploads\/2023\/05\/WhatsApp-Image-2023-05-20-at-18.13.34-1.jpeg\" alt=\"\" title=\"\" data-id=\"107197\"\/><\/figure><\/div><div class=\"wp-block-themeisle-blocks-slider-item-wrapper glide__slide\" tabindex=\"0\"><figure><img decoding=\"async\" class=\"wp-block-themeisle-blocks-slider-item\" src=\"https:\/\/test.idra.it\/tst\/wp-content\/uploads\/2023\/05\/WhatsApp-Image-2023-05-20-at-18.19.42-3.jpeg\" alt=\"\" title=\"\" data-id=\"107193\"\/><\/figure><\/div><div class=\"wp-block-themeisle-blocks-slider-item-wrapper glide__slide\" tabindex=\"0\"><figure><img decoding=\"async\" class=\"wp-block-themeisle-blocks-slider-item\" src=\"https:\/\/test.idra.it\/tst\/wp-content\/uploads\/2023\/05\/WhatsApp-Image-2023-05-20-at-18.19.42-2.jpeg\" alt=\"\" title=\"\" data-id=\"107194\"\/><\/figure><\/div><div class=\"wp-block-themeisle-blocks-slider-item-wrapper glide__slide\" tabindex=\"0\"><figure><img decoding=\"async\" class=\"wp-block-themeisle-blocks-slider-item\" src=\"https:\/\/test.idra.it\/tst\/wp-content\/uploads\/2023\/05\/WhatsApp-Image-2023-05-20-at-18.19.42-1.jpeg\" alt=\"\" title=\"\" data-id=\"107195\"\/><\/figure><\/div><div class=\"wp-block-themeisle-blocks-slider-item-wrapper glide__slide\" tabindex=\"0\"><figure><img decoding=\"async\" class=\"wp-block-themeisle-blocks-slider-item\" src=\"https:\/\/test.idra.it\/tst\/wp-content\/uploads\/2023\/05\/WhatsApp-Image-2023-05-20-at-18.19.42.jpeg\" alt=\"\" title=\"\" data-id=\"107196\"\/><\/figure><\/div><\/div><div class=\"glide__bullets\" data-glide-el=\"controls[nav]\"><button class=\"glide__bullet\" data-glide-dir=\"=0\"><\/button><button class=\"glide__bullet\" data-glide-dir=\"=1\"><\/button><button class=\"glide__bullet\" data-glide-dir=\"=2\"><\/button><button class=\"glide__bullet\" data-glide-dir=\"=3\"><\/button><button class=\"glide__bullet\" data-glide-dir=\"=4\"><\/button><\/div><\/div><\/div><div style=\"height:50px\" aria-hidden=\"true\" class=\"wp-block-spacer\"><\/div><div id=\"wp-block-themeisle-blocks-advanced-columns-a3260dd2\" class=\"wp-block-themeisle-blocks-advanced-columns has-1-columns has-desktop-equal-layout has-tablet-equal-layout has-mobile-equal-layout has-vertical-unset has-light-bg\"><div class=\"wp-block-themeisle-blocks-advanced-columns-overlay\"><\/div><div class=\"innerblocks-wrap\"><div id=\"wp-block-themeisle-blocks-advanced-column-b3722d2f\" class=\"wp-block-themeisle-blocks-advanced-column\"><p>[vikbooking category_id=&#8221;&#8221; sortby=&#8221;name&#8221; sorttype=&#8221;asc&#8221; layoutstyle=&#8221;grid&#8221; reslim=&#8221;20&#8243; view=&#8221;roomslist&#8221; lang=&#8221;it-IT&#8221;]<\/p><\/div><\/div><\/div><figure class=\"wp-block-gallery has-nested-images columns-3 is-cropped wp-block-gallery-1 is-layout-flex wp-block-gallery-is-layout-flex\"><figure class=\"wp-block-image size-large\"><img loading=\"lazy\" decoding=\"async\" width=\"1024\" height=\"680\" data-id=\"107262\" src=\"https:\/\/test.idra.it\/tst\/wp-content\/uploads\/2023\/05\/bq_Agriturismo_Tenuta_Branca-1024x680.jpg\" alt=\"\" class=\"wp-image-107262\" srcset=\"https:\/\/test.idra.it\/tst\/wp-content\/uploads\/2023\/05\/bq_Agriturismo_Tenuta_Branca-1024x680.jpg 1024w, https:\/\/test.idra.it\/tst\/wp-content\/uploads\/2023\/05\/bq_Agriturismo_Tenuta_Branca-300x199.jpg 300w, https:\/\/test.idra.it\/tst\/wp-content\/uploads\/2023\/05\/bq_Agriturismo_Tenuta_Branca-768x510.jpg 768w, https:\/\/test.idra.it\/tst\/wp-content\/uploads\/2023\/05\/bq_Agriturismo_Tenuta_Branca-600x398.jpg 600w, https:\/\/test.idra.it\/tst\/wp-content\/uploads\/2023\/05\/bq_Agriturismo_Tenuta_Branca.jpg 1250w\" sizes=\"(max-width: 1024px) 100vw, 1024px\" \/><\/figure>\n\n<figure class=\"wp-block-image size-large\"><img loading=\"lazy\" decoding=\"async\" width=\"1024\" height=\"680\" data-id=\"107265\" src=\"https:\/\/test.idra.it\/tst\/wp-content\/uploads\/2023\/05\/bh_Agriturismo_Tenuta_Branca-1024x680.jpg\" alt=\"\" class=\"wp-image-107265\" srcset=\"https:\/\/test.idra.it\/tst\/wp-content\/uploads\/2023\/05\/bh_Agriturismo_Tenuta_Branca-1024x680.jpg 1024w, https:\/\/test.idra.it\/tst\/wp-content\/uploads\/2023\/05\/bh_Agriturismo_Tenuta_Branca-300x199.jpg 300w, https:\/\/test.idra.it\/tst\/wp-content\/uploads\/2023\/05\/bh_Agriturismo_Tenuta_Branca-768x510.jpg 768w, https:\/\/test.idra.it\/tst\/wp-content\/uploads\/2023\/05\/bh_Agriturismo_Tenuta_Branca-600x398.jpg 600w, https:\/\/test.idra.it\/tst\/wp-content\/uploads\/2023\/05\/bh_Agriturismo_Tenuta_Branca.jpg 1250w\" sizes=\"(max-width: 1024px) 100vw, 1024px\" \/><\/figure>\n\n<figure class=\"wp-block-image size-large\"><img loading=\"lazy\" decoding=\"async\" width=\"1024\" height=\"680\" data-id=\"107264\" src=\"https:\/\/test.idra.it\/tst\/wp-content\/uploads\/2023\/05\/br_Agriturismo_Tenuta_Branca-1024x680.jpg\" alt=\"\" class=\"wp-image-107264\" srcset=\"https:\/\/test.idra.it\/tst\/wp-content\/uploads\/2023\/05\/br_Agriturismo_Tenuta_Branca-1024x680.jpg 1024w, https:\/\/test.idra.it\/tst\/wp-content\/uploads\/2023\/05\/br_Agriturismo_Tenuta_Branca-300x199.jpg 300w, https:\/\/test.idra.it\/tst\/wp-content\/uploads\/2023\/05\/br_Agriturismo_Tenuta_Branca-768x510.jpg 768w, https:\/\/test.idra.it\/tst\/wp-content\/uploads\/2023\/05\/br_Agriturismo_Tenuta_Branca-600x398.jpg 600w, https:\/\/test.idra.it\/tst\/wp-content\/uploads\/2023\/05\/br_Agriturismo_Tenuta_Branca.jpg 1250w\" sizes=\"(max-width: 1024px) 100vw, 1024px\" \/><\/figure>\n\n<figure class=\"wp-block-image size-large\"><img loading=\"lazy\" decoding=\"async\" width=\"1024\" height=\"680\" data-id=\"107263\" src=\"https:\/\/test.idra.it\/tst\/wp-content\/uploads\/2023\/05\/aa_Agriturismo_Tenuta_Branca-1024x680.jpg\" alt=\"\" class=\"wp-image-107263\" srcset=\"https:\/\/test.idra.it\/tst\/wp-content\/uploads\/2023\/05\/aa_Agriturismo_Tenuta_Branca-1024x680.jpg 1024w, https:\/\/test.idra.it\/tst\/wp-content\/uploads\/2023\/05\/aa_Agriturismo_Tenuta_Branca-300x199.jpg 300w, https:\/\/test.idra.it\/tst\/wp-content\/uploads\/2023\/05\/aa_Agriturismo_Tenuta_Branca-768x510.jpg 768w, https:\/\/test.idra.it\/tst\/wp-content\/uploads\/2023\/05\/aa_Agriturismo_Tenuta_Branca-600x398.jpg 600w, https:\/\/test.idra.it\/tst\/wp-content\/uploads\/2023\/05\/aa_Agriturismo_Tenuta_Branca.jpg 1250w\" sizes=\"(max-width: 1024px) 100vw, 1024px\" \/><\/figure><\/figure><div style=\"height:50px\" aria-hidden=\"true\" class=\"wp-block-spacer\"><\/div><div id=\"wp-block-themeisle-blocks-advanced-columns-2c25aa4f\" class=\"wp-block-themeisle-blocks-advanced-columns alignfull has-2-columns has-desktop-equal-layout has-tablet-equal-layout has-mobile-collapsedRows-layout has-vertical-center\"><div class=\"wp-block-themeisle-blocks-advanced-columns-overlay\"><\/div><div class=\"innerblocks-wrap\"><div id=\"wp-block-themeisle-blocks-advanced-column-ffa299f4\" class=\"wp-block-themeisle-blocks-advanced-column\"><div class=\"wp-block-buttons is-content-justification-center is-layout-flex wp-container-core-buttons-is-layout-1 wp-block-buttons-is-layout-flex\"><div class=\"wp-block-button has-custom-font-size has-medium-font-size\"><a class=\"wp-block-button__link has-neve-text-color-color has-nv-light-bg-background-color has-text-color has-background wp-element-button\" style=\"border-radius:100px\">Cosa visitare nei dintorni<\/a><\/div><\/div><\/div>\n\n<div id=\"wp-block-themeisle-blocks-advanced-column-8d47b516\" class=\"wp-block-themeisle-blocks-advanced-column\"><div class=\"wp-block-buttons is-content-justification-center is-layout-flex wp-container-core-buttons-is-layout-2 wp-block-buttons-is-layout-flex\"><div class=\"wp-block-button has-custom-font-size has-medium-font-size\"><a class=\"wp-block-button__link has-nv-dark-bg-color has-nv-light-bg-background-color has-text-color has-background wp-element-button\" style=\"border-radius:100px\">Sagre ed eventi<\/a><\/div><\/div><\/div><\/div><\/div><div style=\"height:50px\" aria-hidden=\"true\" class=\"wp-block-spacer\"><\/div><h1 class=\"wp-block-heading has-text-align-center\">Olio Extra Vergine<\/h1><div id=\"wp-block-themeisle-blocks-advanced-columns-152c4d80\" class=\"wp-block-themeisle-blocks-advanced-columns has-3-columns has-desktop-equal-layout has-tablet-equal-layout has-mobile-collapsedRows-layout has-vertical-top\"><div class=\"wp-block-themeisle-blocks-advanced-columns-overlay\"><\/div><div class=\"innerblocks-wrap\"><div id=\"wp-block-themeisle-blocks-advanced-column-45c2b987\" class=\"wp-block-themeisle-blocks-advanced-column\"><div class=\"wp-block-image\"><figure class=\"aligncenter size-full\"><img loading=\"lazy\" decoding=\"async\" width=\"400\" height=\"400\" src=\"https:\/\/test.idra.it\/tst\/wp-content\/uploads\/2023\/05\/Le-Novita-Europee-per-lOlio-Extra-Vergine-di-Oliva.jpg\" alt=\"\" class=\"wp-image-107243\" srcset=\"https:\/\/test.idra.it\/tst\/wp-content\/uploads\/2023\/05\/Le-Novita-Europee-per-lOlio-Extra-Vergine-di-Oliva.jpg 400w, https:\/\/test.idra.it\/tst\/wp-content\/uploads\/2023\/05\/Le-Novita-Europee-per-lOlio-Extra-Vergine-di-Oliva-300x300.jpg 300w, https:\/\/test.idra.it\/tst\/wp-content\/uploads\/2023\/05\/Le-Novita-Europee-per-lOlio-Extra-Vergine-di-Oliva-150x150.jpg 150w, https:\/\/test.idra.it\/tst\/wp-content\/uploads\/2023\/05\/Le-Novita-Europee-per-lOlio-Extra-Vergine-di-Oliva-100x100.jpg 100w\" sizes=\"(max-width: 400px) 100vw, 400px\" \/><\/figure><\/div><\/div>\n\n<div id=\"wp-block-themeisle-blocks-advanced-column-79b7ddfd\" class=\"wp-block-themeisle-blocks-advanced-column\"><div class=\"wp-block-contact-form-7-contact-form-selector\">\n<div class=\"wpcf7 no-js\" id=\"wpcf7-f107431-o1\" lang=\"it-IT\" dir=\"ltr\" data-wpcf7-id=\"107431\">\n<div class=\"screen-reader-response\"><p role=\"status\" aria-live=\"polite\" aria-atomic=\"true\"><\/p> <ul><\/ul><\/div>\n<form action=\"\/sk\/wp-json\/wp\/v2\/pages\/107185#wpcf7-f107431-o1\" method=\"post\" class=\"wpcf7-form init\" aria-label=\"Modulo di contatto\" novalidate=\"novalidate\" data-status=\"init\">\n<div style=\"display: none;\">\n<input type=\"hidden\" name=\"_wpcf7\" value=\"107431\" \/>\n<input type=\"hidden\" name=\"_wpcf7_version\" value=\"6.0.6\" \/>\n<input type=\"hidden\" name=\"_wpcf7_locale\" value=\"it_IT\" \/>\n<input type=\"hidden\" name=\"_wpcf7_unit_tag\" value=\"wpcf7-f107431-o1\" \/>\n<input type=\"hidden\" name=\"_wpcf7_container_post\" value=\"0\" \/>\n<input type=\"hidden\" name=\"_wpcf7_posted_data_hash\" value=\"\" \/>\n<\/div>\n<p><label> Il tuo nome<br \/>\n<span class=\"wpcf7-form-control-wrap\" data-name=\"your-name\"><input size=\"40\" maxlength=\"400\" class=\"wpcf7-form-control wpcf7-text wpcf7-validates-as-required\" autocomplete=\"name\" aria-required=\"true\" aria-invalid=\"false\" value=\"\" type=\"text\" name=\"your-name\" \/><\/span> <\/label>\n<\/p>\n<p><label> La tua email<br \/>\n<span class=\"wpcf7-form-control-wrap\" data-name=\"your-email\"><input size=\"40\" maxlength=\"400\" class=\"wpcf7-form-control wpcf7-email wpcf7-validates-as-required wpcf7-text wpcf7-validates-as-email\" autocomplete=\"email\" aria-required=\"true\" aria-invalid=\"false\" value=\"\" type=\"email\" name=\"your-email\" \/><\/span> <\/label>\n<\/p>\n<p><span class=\"wpcf7-form-control-wrap\" data-name=\"radio-955\"><span class=\"wpcf7-form-control wpcf7-radio\"><span class=\"wpcf7-list-item first\"><input type=\"radio\" name=\"radio-955\" value=\"Raccolta 2021\/2022\" checked=\"checked\" \/><span class=\"wpcf7-list-item-label\">Raccolta 2021\/2022<\/span><\/span><span class=\"wpcf7-list-item last\"><input type=\"radio\" name=\"radio-955\" value=\"Raccolta 2022\/2023\" \/><span class=\"wpcf7-list-item-label\">Raccolta 2022\/2023<\/span><\/span><\/span><\/span>\n<\/p>\n<p><label> Richiedi informazioni<br \/>\n<span class=\"wpcf7-form-control-wrap\" data-name=\"your-message\"><textarea cols=\"40\" rows=\"10\" maxlength=\"2000\" class=\"wpcf7-form-control wpcf7-textarea\" aria-invalid=\"false\" name=\"your-message\"><\/textarea><\/span> <\/label>\n<\/p>\n<p><input class=\"wpcf7-form-control wpcf7-submit has-spinner\" type=\"submit\" value=\"Invia\" \/>\n<\/p><p style=\"display: none !important;\" class=\"akismet-fields-container\" data-prefix=\"_wpcf7_ak_\"><label>&#916;<textarea name=\"_wpcf7_ak_hp_textarea\" cols=\"45\" rows=\"8\" maxlength=\"100\"><\/textarea><\/label><input type=\"hidden\" id=\"ak_js_1\" name=\"_wpcf7_ak_js\" value=\"123\"\/><script>document.getElementById( \"ak_js_1\" ).setAttribute( \"value\", ( new Date() ).getTime() );<\/script><\/p><div class=\"wpcf7-response-output\" aria-hidden=\"true\"><\/div>\n<\/form>\n<\/div>\n<\/div><\/div>\n\n<div id=\"wp-block-themeisle-blocks-advanced-column-ec4a5244\" class=\"wp-block-themeisle-blocks-advanced-column\"><p>Il Chianti \u00e8 una delle zone pi\u00f9 famose e rinomate in Italia per la produzione di olio extra vergine d&#8217;oliva di alta qualit\u00e0. L&#8217;olio di oliva prodotto in questa regione \u00e8 noto per la sua freschezza, il suo aroma intenso e il suo sapore fruttato.<\/p>\n\n<p>L&#8217;olio extra vergine d&#8217;oliva del Chianti \u00e8 anche noto per i suoi benefici per la salute. L&#8217;olio di oliva \u00e8 una fonte importante di acidi grassi monoinsaturi, che sono noti per ridurre il rischio di malattie cardiache e diabete di tipo 2. Inoltre, l&#8217;olio di oliva \u00e8 anche una fonte di antiossidanti, che aiutano a prevenire l&#8217;invecchiamento delle cellule e riducono il rischio di malattie croniche.<\/p>\n\n<p>L&#8217;olio extra vergine d&#8217;oliva proveniente dal Chianti \u00e8 molto versatile in cucina e pu\u00f2 essere utilizzato in molti modi diversi. Pu\u00f2 essere usato come condimento per insalate, verdure cotte e crude, carni e pesce. Inoltre, l&#8217;olio di oliva del Chianti \u00e8 ideale per la cottura a bassa temperatura, come la cottura a vapore o la griglia, in quanto conserva il suo sapore e i suoi nutrienti anche a temperature elevate.<\/p><\/div><\/div><\/div><div style=\"height:100px\" aria-hidden=\"true\" class=\"wp-block-spacer\"><\/div><div style=\"height:400px\" class=\"wp-block-themeisle-blocks-google-map\" id=\"wp-block-themeisle-blocks-google-map-c46dfc49\"><\/div>\n<script type=\"text\/javascript\">\n\t\/* <![CDATA[ *\/\n\t\tif ( ! window.themeisleGoogleMaps ) window.themeisleGoogleMaps =[];\n\t\twindow.themeisleGoogleMaps.push( { container: \"wp-block-themeisle-blocks-google-map-c46dfc49\", attributes: {\"id\":\"wp-block-themeisle-blocks-google-map-c46dfc49\",\"location\":\"Via Novoli, 10, 50026 San Casciano in Val di pesa FI, Italia\",\"latitude\":\"43.63454471092268\",\"longitude\":\"11.259741000000018\",\"markers\":[{\"id\":\"2f3b0c89-ee79-40f2-8acb-24e0abf17d7a\",\"location\":\"Via Novoli, 10, 50026 San Casciano in Val di pesa FI, Italia\",\"title\":\"Tenuta Branca\",\"icon\":\"https:\\\/\\\/maps.google.com\\\/mapfiles\\\/ms\\\/icons\\\/red-dot.png\",\"description\":\"<p>Tenuta nel cuore delle colline toscane<\\\/p>\",\"latitude\":\"43.63443600000001\",\"longitude\":\"11.259741\"}],\"style\":\"standard\",\"type\":\"roadmap\",\"zoom\":15,\"height\":\"400px\",\"draggable\":true,\"mapTypeControl\":true,\"zoomControl\":true,\"fullscreenControl\":true,\"streetViewControl\":true,\"hasCustomCSS\":false,\"customCSS\":\"\",\"TrpContentRestriction\":{\"restriction_type\":\"exclude\",\"selected_languages\":[],\"panel_open\":true},\"otterConditions\":[]} } );\n\t\/* ]]> *\/\n<\/script>","protected":false},"excerpt":{"rendered":"<p>Olio Extra Vergine<\/p>","protected":false},"author":120,"featured_media":0,"parent":0,"menu_order":0,"comment_status":"closed","ping_status":"closed","template":"","meta":{"_acf_changed":false,"neve_meta_sidebar":"","neve_meta_container":"full-width","neve_meta_enable_content_width":"","neve_meta_content_width":0,"neve_meta_title_alignment":"","neve_meta_author_avatar":"","neve_post_elements_order":"","neve_meta_disable_header":"on","neve_meta_disable_footer":"","neve_meta_disable_title":"on","_themeisle_gutenberg_block_has_review":false,"footnotes":""},"class_list":["post-107185","page","type-page","status-publish","hentry"],"acf":[],"jetpack_sharing_enabled":true,"_links":{"self":[{"href":"https:\/\/test.idra.it\/sk\/wp-json\/wp\/v2\/pages\/107185"}],"collection":[{"href":"https:\/\/test.idra.it\/sk\/wp-json\/wp\/v2\/pages"}],"about":[{"href":"https:\/\/test.idra.it\/sk\/wp-json\/wp\/v2\/types\/page"}],"author":[{"embeddable":true,"href":"https:\/\/test.idra.it\/sk\/wp-json\/wp\/v2\/users\/120"}],"replies":[{"embeddable":true,"href":"https:\/\/test.idra.it\/sk\/wp-json\/wp\/v2\/comments?post=107185"}],"version-history":[{"count":58,"href":"https:\/\/test.idra.it\/sk\/wp-json\/wp\/v2\/pages\/107185\/revisions"}],"predecessor-version":[{"id":107479,"href":"https:\/\/test.idra.it\/sk\/wp-json\/wp\/v2\/pages\/107185\/revisions\/107479"}],"wp:attachment":[{"href":"https:\/\/test.idra.it\/sk\/wp-json\/wp\/v2\/media?parent=107185"}],"curies":[{"name":"wp","href":"https:\/\/api.w.org\/{rel}","templated":true}]}}